{"id":11757,"date":"2015-06-26T22:54:56","date_gmt":"2015-06-26T20:54:56","guid":{"rendered":"http:\/\/eko-unia.org.pl\/contact\/"},"modified":"2019-07-10T18:56:41","modified_gmt":"2019-07-10T16:56:41","slug":"contact","status":"publish","type":"page","link":"https:\/\/eko-unia.org.pl\/en\/contact\/","title":{"rendered":"Contact"},"content":{"rendered":"<p><iframe loading=\"lazy\" src=\"https:\/\/maps.google.com\/maps?f=q&amp;source=s_q&amp;hl=pl&amp;geocode=&amp;q=eko-unia&amp;aq=&amp;sll=25.513167,84.127089&amp;sspn=0.086756,0.169086&amp;ie=UTF8&amp;hq=eko-unia&amp;hnear=&amp;radius=15000&amp;ll=51.115593,17.032156&amp;spn=0.024246,0.047207&amp;z=14&amp;iwloc=A&amp;output=embed\" width=\"100%\" height=\"450\" frameborder=\"0\" marginwidth=\"0\" marginheight=\"0\" scrolling=\"no\"><\/iframe><\/p>\n<p>&nbsp;<\/p>\n<p style=\"text-align: center;\"><strong>ul. Bia\u0142osk\u00f3rnicza 26, <\/strong><strong>50-134 Wroc\u0142aw<\/strong><\/p>\n<p style=\"text-align: center;\"><strong>tel.\/fax +48 71 344 22 64<\/strong><\/p>\n<p style=\"text-align: center;\"><strong>email: <a href=\"mailto:info-ekounia@eko.org.pl\">info-ekounia@eko.org.pl<\/a><script type=\"text\/javascript\" language=\"JavaScript\">\/\/ <![CDATA[ document.write( '<span style='display: none;'>' );\n\/\/ ]]><\/script><span style=\"display: none;\">E-mail address is protected against spam robots. In your browser has to be turned on so you can see it.<br \/>\n<script type=\"text\/javascript\" language=\"JavaScript\">\/\/ <![CDATA[ document.write( '<\/' ); document.write( 'span>' );\n\/\/ ]]><\/script><\/span><\/strong><\/p>\n<p style=\"text-align: center;\"><strong><img loading=\"lazy\" class=\"alignnone size-full wp-image-9679\" src=\"http:\/\/eko-unia.org.pl\/wp-content\/uploads\/2015\/06\/skype_logo.png\" alt=\"skype_logo\" width=\"105\" height=\"47\" srcset=\"https:\/\/eko-unia.org.pl\/wp-content\/uploads\/2015\/06\/skype_logo.png 105w, https:\/\/eko-unia.org.pl\/wp-content\/uploads\/2015\/06\/skype_logo-104x47.png 104w\" sizes=\"(max-width: 105px) 100vw, 105px\" \/><\/strong><\/p>\n<p style=\"text-align: center;\">Skype: eko.unia<\/p>\n<p style=\"text-align: center;\"><a href=\"https:\/\/www.facebook.com\/pages\/Stowarzyszenie-Ekologiczne-Eko-Unia\/140708165940689\" target=\"_blank\" rel=\"noopener noreferrer\"><img loading=\"lazy\" class=\" wp-image-9735 aligncenter\" src=\"https:\/\/eko-unia.org.pl\/wp-content\/uploads\/2015\/06\/200px-facebook.svg_1.png\" alt=\"200px-facebook.svg\" width=\"165\" height=\"51\"><\/a><\/p>\n<h2 style=\"text-align: left;\"><strong>Contact us<\/strong><\/h2>\n<p style=\"text-align: center;\"><div role=\"form\" class=\"wpcf7\" id=\"wpcf7-f2980-o1\" lang=\"pl-PL\" dir=\"ltr\">\n<div class=\"screen-reader-response\"><p role=\"status\" aria-live=\"polite\" aria-atomic=\"true\"><\/p> <ul><\/ul><\/div>\n<form action=\"\/en\/wp-json\/wp\/v2\/pages\/11757#wpcf7-f2980-o1\" method=\"post\" class=\"wpcf7-form init\" novalidate=\"novalidate\" data-status=\"init\">\n<div style=\"display: none;\">\n<input type=\"hidden\" name=\"_wpcf7\" value=\"2980\" \/>\n<input type=\"hidden\" name=\"_wpcf7_version\" value=\"5.5.5\" \/>\n<input type=\"hidden\" name=\"_wpcf7_locale\" value=\"pl_PL\" \/>\n<input type=\"hidden\" name=\"_wpcf7_unit_tag\" value=\"wpcf7-f2980-o1\" \/>\n<input type=\"hidden\" name=\"_wpcf7_container_post\" value=\"0\" \/>\n<input type=\"hidden\" name=\"_wpcf7_posted_data_hash\" value=\"\" \/>\n<\/div>\n<p>Imi\u0119 i nazwisko (wymagane)<br \/>\n    <span class=\"wpcf7-form-control-wrap your-name\"><input type=\"text\" name=\"your-name\" value=\"\" size=\"40\" class=\"wpcf7-form-control wpcf7-text wpcf7-validates-as-required\" aria-required=\"true\" aria-invalid=\"false\" \/><\/span> <\/p>\n<p>Tw\u00f3j adres email (wymagane)<br \/>\n    <span class=\"wpcf7-form-control-wrap your-email\"><input type=\"email\" name=\"your-email\" value=\"\" size=\"40\" class=\"wpcf7-form-control wpcf7-text wpcf7-email wpcf7-validates-as-required wpcf7-validates-as-email\" aria-required=\"true\" aria-invalid=\"false\" \/><\/span> <\/p>\n<p>Temat<br \/>\n    <span class=\"wpcf7-form-control-wrap your-subject\"><input type=\"text\" name=\"your-subject\" value=\"\" size=\"40\" class=\"wpcf7-form-control wpcf7-text\" aria-invalid=\"false\" \/><\/span> <\/p>\n<p>Tre\u015b\u0107 wiadomo\u015bci<br \/>\n    <span class=\"wpcf7-form-control-wrap your-message\"><textarea name=\"your-message\" cols=\"40\" rows=\"10\" class=\"wpcf7-form-control wpcf7-textarea wpcf7-validates-as-required\" aria-required=\"true\" aria-invalid=\"false\"><\/textarea><\/span> <\/p>\n<p><input type=\"submit\" value=\"Wy\u015blij\" class=\"wpcf7-form-control has-spinner wpcf7-submit\" \/><\/p>\n<div class=\"wpcf7-response-output\" aria-hidden=\"true\"><\/div><\/form><\/div>\n","protected":false},"excerpt":{"rendered":"<p>&nbsp; ul. Bia\u0142osk\u00f3rnicza 26, 50-134 Wroc\u0142aw tel.\/fax +48 71 344 22 64 email: info-ekounia@eko.org.plE-mail address is protected against spam robots. In your browser has to be turned on so you can see it. Skype: eko.unia Contact us<\/p>\n","protected":false},"author":2,"featured_media":0,"parent":0,"menu_order":0,"comment_status":"closed","ping_status":"closed","template":"","meta":[],"_links":{"self":[{"href":"https:\/\/eko-unia.org.pl\/en\/wp-json\/wp\/v2\/pages\/11757"}],"collection":[{"href":"https:\/\/eko-unia.org.pl\/en\/wp-json\/wp\/v2\/pages"}],"about":[{"href":"https:\/\/eko-unia.org.pl\/en\/wp-json\/wp\/v2\/types\/page"}],"author":[{"embeddable":true,"href":"https:\/\/eko-unia.org.pl\/en\/wp-json\/wp\/v2\/users\/2"}],"replies":[{"embeddable":true,"href":"https:\/\/eko-unia.org.pl\/en\/wp-json\/wp\/v2\/comments?post=11757"}],"version-history":[{"count":1,"href":"https:\/\/eko-unia.org.pl\/en\/wp-json\/wp\/v2\/pages\/11757\/revisions"}],"predecessor-version":[{"id":13504,"href":"https:\/\/eko-unia.org.pl\/en\/wp-json\/wp\/v2\/pages\/11757\/revisions\/13504"}],"wp:attachment":[{"href":"https:\/\/eko-unia.org.pl\/en\/wp-json\/wp\/v2\/media?parent=11757"}],"curies":[{"name":"wp","href":"https:\/\/api.w.org\/{rel}","templated":true}]}}